{"id":239,"date":"2021-08-25T02:16:38","date_gmt":"2021-08-25T02:16:38","guid":{"rendered":"https:\/\/lamarquinha.com\/about\/"},"modified":"2026-01-19T17:19:10","modified_gmt":"2026-01-19T17:19:10","slug":"about","status":"publish","type":"page","link":"https:\/\/lamarquinha.com\/es\/about\/","title":{"rendered":"About"},"content":{"rendered":"<div data-elementor-type=\"wp-page\" data-elementor-id=\"239\" class=\"elementor elementor-239\" data-elementor-post-type=\"page\">\n\t\t\t\t\t\t<section class=\"elementor-section elementor-top-section elementor-element elementor-element-d7d801d elementor-section-boxed elementor-section-height-default elementor-section-height-default\" data-id=\"d7d801d\" data-element_type=\"section\" data-settings=\"{&quot;background_background&quot;:&quot;classic&quot;}\">\n\t\t\t\t\t\t\t<div class=\"elementor-background-overlay\"><\/div>\n\t\t\t\t\t\t\t<div class=\"elementor-container elementor-column-gap-no\">\n\t\t\t\t\t<div class=\"elementor-column elementor-col-100 elementor-top-column elementor-element elementor-element-1897415\" data-id=\"1897415\" data-element_type=\"column\">\n\t\t\t<div class=\"elementor-widget-wrap elementor-element-populated\">\n\t\t\t\t\t\t<div class=\"elementor-element elementor-element-e577a9c elementor-widget elementor-widget-heading\" data-id=\"e577a9c\" data-element_type=\"widget\" data-widget_type=\"heading.default\">\n\t\t\t\t<div class=\"elementor-widget-container\">\n\t\t\t\t\t<h6 class=\"elementor-heading-title elementor-size-default\">Con\u00f3cenos<\/h6>\t\t\t\t<\/div>\n\t\t\t\t<\/div>\n\t\t\t\t<div class=\"elementor-element elementor-element-32cd5c7 elementor-widget elementor-widget-heading\" data-id=\"32cd5c7\" data-element_type=\"widget\" data-widget_type=\"heading.default\">\n\t\t\t\t<div class=\"elementor-widget-container\">\n\t\t\t\t\t<h1 class=\"elementor-heading-title elementor-size-default\">Nosotros<\/h1>\t\t\t\t<\/div>\n\t\t\t\t<\/div>\n\t\t\t\t<div class=\"elementor-element elementor-element-58d9c37 elementor-widget elementor-widget-text-editor\" data-id=\"58d9c37\" data-element_type=\"widget\" data-widget_type=\"text-editor.default\">\n\t\t\t\t<div class=\"elementor-widget-container\">\n\t\t\t\t\t\t\t\t\t<p>En La Marquinha, creemos que el bronceado es una expresi\u00f3n de belleza y bienestar.<\/p>\t\t\t\t\t\t\t\t<\/div>\n\t\t\t\t<\/div>\n\t\t\t\t\t<\/div>\n\t\t<\/div>\n\t\t\t\t\t<\/div>\n\t\t<\/section>\n\t\t\t\t<section class=\"elementor-section elementor-top-section elementor-element elementor-element-16fed30 elementor-section-boxed elementor-section-height-default elementor-section-height-default\" data-id=\"16fed30\" data-element_type=\"section\" data-settings=\"{&quot;background_background&quot;:&quot;classic&quot;}\">\n\t\t\t\t\t\t<div class=\"elementor-container elementor-column-gap-no\">\n\t\t\t\t\t<div class=\"elementor-column elementor-col-100 elementor-top-column elementor-element elementor-element-c298cb7\" data-id=\"c298cb7\" data-element_type=\"column\">\n\t\t\t<div class=\"elementor-widget-wrap elementor-element-populated\">\n\t\t\t\t\t\t<section class=\"elementor-section elementor-inner-section elementor-element elementor-element-4fb6e93 elementor-section-boxed elementor-section-height-default elementor-section-height-default\" data-id=\"4fb6e93\" data-element_type=\"section\">\n\t\t\t\t\t\t<div class=\"elementor-container elementor-column-gap-no\">\n\t\t\t\t\t<div class=\"elementor-column elementor-col-50 elementor-inner-column elementor-element elementor-element-8c86933 animated-slow elementor-invisible\" data-id=\"8c86933\" data-element_type=\"column\" data-settings=\"{&quot;animation&quot;:&quot;fadeInLeft&quot;}\">\n\t\t\t<div class=\"elementor-widget-wrap elementor-element-populated\">\n\t\t\t\t\t\t<div class=\"elementor-element elementor-element-421e1ec elementor-widget elementor-widget-heading\" data-id=\"421e1ec\" data-element_type=\"widget\" data-widget_type=\"heading.default\">\n\t\t\t\t<div class=\"elementor-widget-container\">\n\t\t\t\t\t<h2 class=\"elementor-heading-title elementor-size-default\">Con\u00f3cenos<\/h2>\t\t\t\t<\/div>\n\t\t\t\t<\/div>\n\t\t\t\t<div class=\"elementor-element elementor-element-db314dd elementor-widget elementor-widget-text-editor\" data-id=\"db314dd\" data-element_type=\"widget\" data-widget_type=\"text-editor.default\">\n\t\t\t\t<div class=\"elementor-widget-container\">\n\t\t\t\t\t\t\t\t\t<p>Soy Emmy Castro, Profesional en la t\u00e9cnica de bronceado brasilero, con mas de 4 a\u00f1os de experiencia.<\/p><p>Nuestra misi\u00f3n es proporcionar un bronceado seguro y estilizado que resalte la belleza natural de cada mujer. Con t\u00e9cnicas innovadoras y productos de alta calidad, nos dedicamos a crear La Marquinha perfecta, esa distintiva l\u00ednea de bronceado que se ha convertido en un s\u00edmbolo de glamour y sofisticaci\u00f3n.<\/p><p>La seguridad, la innovaci\u00f3n y la satisfacci\u00f3n del cliente son los pilares de nuestra empresa. Nos comprometemos a utilizar solo productos que cuiden tu piel, mientras te brindamos ese toque dorado que tanto deseas. En La Marquinha, tu salud y tu belleza van de la mano.<\/p><p>Estamos comprometidos con el medio ambiente y la sostenibilidad. Por eso, nuestros productos son eco-amigables y nuestras pr\u00e1cticas, responsables. Queremos que disfrutes de tu bronceado sabiendo que tambi\u00e9n est\u00e1s cuidando del planeta.<\/p><p>Afortunadamente, la innovaci\u00f3n y la seguridad se han unido para ofrecer alternativas que permiten disfrutar de La Marquinha sin comprometer la salud de la piel. Hoy en d\u00eda, existen productos y t\u00e9cnicas que imitan este efecto de bronceado, manteniendo la piel protegida y nutrida.<\/p><p>Al elegir La Marquinha, no solo obtienes un bronceado; te unes a una comunidad de mujeres que celebran su belleza en todas sus formas. Te invitamos a vivir la experiencia La Marquinha y a descubrir el bronceado que te har\u00e1 brillar.<\/p>\t\t\t\t\t\t\t\t<\/div>\n\t\t\t\t<\/div>\n\t\t\t\t\t<\/div>\n\t\t<\/div>\n\t\t\t\t<div class=\"elementor-column elementor-col-50 elementor-inner-column elementor-element elementor-element-e3200d6 animated-slow elementor-invisible\" data-id=\"e3200d6\" data-element_type=\"column\" data-settings=\"{&quot;animation&quot;:&quot;fadeInRight&quot;}\">\n\t\t\t<div class=\"elementor-widget-wrap elementor-element-populated\">\n\t\t\t\t\t\t<div class=\"elementor-element elementor-element-7c47b7b elementor-widget__width-initial elementor-position-top elementor-widget elementor-widget-image-box\" data-id=\"7c47b7b\" data-element_type=\"widget\" data-widget_type=\"image-box.default\">\n\t\t\t\t<div class=\"elementor-widget-container\">\n\t\t\t\t\t<div class=\"elementor-image-box-wrapper\"><figure class=\"elementor-image-box-img\"><img fetchpriority=\"high\" decoding=\"async\" width=\"1179\" height=\"2099\" src=\"https:\/\/lamarquinha.com\/wp-content\/uploads\/2024\/05\/IMG_1061.jpg\" class=\"attachment-full size-full wp-image-2186\" alt=\"\" srcset=\"https:\/\/lamarquinha.com\/wp-content\/uploads\/2024\/05\/IMG_1061.jpg 1179w, https:\/\/lamarquinha.com\/wp-content\/uploads\/2024\/05\/IMG_1061-169x300.jpg 169w, https:\/\/lamarquinha.com\/wp-content\/uploads\/2024\/05\/IMG_1061-575x1024.jpg 575w, https:\/\/lamarquinha.com\/wp-content\/uploads\/2024\/05\/IMG_1061-768x1367.jpg 768w, https:\/\/lamarquinha.com\/wp-content\/uploads\/2024\/05\/IMG_1061-863x1536.jpg 863w, https:\/\/lamarquinha.com\/wp-content\/uploads\/2024\/05\/IMG_1061-1150x2048.jpg 1150w, https:\/\/lamarquinha.com\/wp-content\/uploads\/2024\/05\/IMG_1061-7x12.jpg 7w\" sizes=\"(max-width: 1179px) 100vw, 1179px\" \/><\/figure><div class=\"elementor-image-box-content\"><h4 class=\"elementor-image-box-title\">Emmy Castro<\/h4><\/div><\/div>\t\t\t\t<\/div>\n\t\t\t\t<\/div>\n\t\t\t\t\t<\/div>\n\t\t<\/div>\n\t\t\t\t\t<\/div>\n\t\t<\/section>\n\t\t\t\t\t<\/div>\n\t\t<\/div>\n\t\t\t\t\t<\/div>\n\t\t<\/section>\n\t\t\t\t<\/div>","protected":false},"excerpt":{"rendered":"<p>GET TO KNOW US ABOUT US At La Marquinha, we believe that tanning is an expression of beauty and well-being. GET TO KNOW US I am Emmy Castro, a professional in Brazilian tanning techniques, with over 4 years of experience. Our mission is to provide a safe and stylish tan that enhances the natural beauty [&hellip;]<\/p>","protected":false},"author":2,"featured_media":0,"parent":0,"menu_order":0,"comment_status":"closed","ping_status":"closed","template":"elementor_header_footer","meta":{"site-sidebar-layout":"no-sidebar","site-content-layout":"page-builder","ast-site-content-layout":"","site-content-style":"default","site-sidebar-style":"default","ast-global-header-display":"","ast-banner-title-visibility":"","ast-main-header-display":"","ast-hfb-above-header-display":"","ast-hfb-below-header-display":"","ast-hfb-mobile-header-display":"","site-post-title":"disabled","ast-breadcrumbs-content":"disabled","ast-featured-img":"disabled","footer-sml-layout":"","theme-transparent-header-meta":"enabled","adv-header-id-meta":"","stick-header-meta":"","header-above-stick-meta":"","header-main-stick-meta":"","header-below-stick-meta":"","astra-migrate-meta-layouts":"default","ast-page-background-enabled":"default","ast-page-background-meta":{"desktop":{"background-color":"var(--ast-global-color-4)","background-image":"","background-repeat":"repeat","background-position":"center center","background-size":"auto","background-attachment":"scroll","background-type":"","background-media":"","overlay-type":"","overlay-color":"","overlay-opacity":"","overlay-gradient":""},"tablet":{"background-color":"","background-image":"","background-repeat":"repeat","background-position":"center center","background-size":"auto","background-attachment":"scroll","background-type":"","background-media":"","overlay-type":"","overlay-color":"","overlay-opacity":"","overlay-gradient":""},"mobile":{"background-color":"","background-image":"","background-repeat":"repeat","background-position":"center center","background-size":"auto","background-attachment":"scroll","background-type":"","background-media":"","overlay-type":"","overlay-color":"","overlay-opacity":"","overlay-gradient":""}},"ast-content-background-meta":{"desktop":{"background-color":"var(--ast-global-color-5)","background-image":"","background-repeat":"repeat","background-position":"center center","background-size":"auto","background-attachment":"scroll","background-type":"","background-media":"","overlay-type":"","overlay-color":"","overlay-opacity":"","overlay-gradient":""},"tablet":{"background-color":"var(--ast-global-color-5)","background-image":"","background-repeat":"repeat","background-position":"center center","background-size":"auto","background-attachment":"scroll","background-type":"","background-media":"","overlay-type":"","overlay-color":"","overlay-opacity":"","overlay-gradient":""},"mobile":{"background-color":"var(--ast-global-color-5)","background-image":"","background-repeat":"repeat","background-position":"center center","background-size":"auto","background-attachment":"scroll","background-type":"","background-media":"","overlay-type":"","overlay-color":"","overlay-opacity":"","overlay-gradient":""}},"footnotes":""},"class_list":["post-239","page","type-page","status-publish","hentry"],"_links":{"self":[{"href":"https:\/\/lamarquinha.com\/es\/wp-json\/wp\/v2\/pages\/239","targetHints":{"allow":["GET"]}}],"collection":[{"href":"https:\/\/lamarquinha.com\/es\/wp-json\/wp\/v2\/pages"}],"about":[{"href":"https:\/\/lamarquinha.com\/es\/wp-json\/wp\/v2\/types\/page"}],"author":[{"embeddable":true,"href":"https:\/\/lamarquinha.com\/es\/wp-json\/wp\/v2\/users\/2"}],"replies":[{"embeddable":true,"href":"https:\/\/lamarquinha.com\/es\/wp-json\/wp\/v2\/comments?post=239"}],"version-history":[{"count":115,"href":"https:\/\/lamarquinha.com\/es\/wp-json\/wp\/v2\/pages\/239\/revisions"}],"predecessor-version":[{"id":2774,"href":"https:\/\/lamarquinha.com\/es\/wp-json\/wp\/v2\/pages\/239\/revisions\/2774"}],"wp:attachment":[{"href":"https:\/\/lamarquinha.com\/es\/wp-json\/wp\/v2\/media?parent=239"}],"curies":[{"name":"wp","href":"https:\/\/api.w.org\/{rel}","templated":true}]}}